{"id":99,"date":"2020-09-28T09:31:28","date_gmt":"2020-09-28T09:31:28","guid":{"rendered":"http:\/\/wip.iadc-studio.de\/?page_id=99"},"modified":"2023-01-17T13:16:52","modified_gmt":"2023-01-17T13:16:52","slug":"studio","status":"publish","type":"page","link":"https:\/\/www.iadc-studio.de\/de\/studio\/","title":{"rendered":"\u00dcber uns"},"content":{"rendered":"<p>Wir bei IADC Studio haben eine Leidenschaft f\u00fcr Design. Unsere Fachleute haben ihre Karriere der Programmierung, Planung und Gestaltung von Infrastruktur auf der ganzen Welt gewidmet.<\/p>\n\n\n\n<p>Wir unterst\u00fctzen Sie bei der Gestaltung und Entwicklung der st\u00e4dtischen Infrastruktur. Ihre Vision ist unser Leitfaden. Wir sind bestrebt, die Visionen unserer Kunden in einem \u00e4u\u00dferst kreativen Prozess zu entwickeln und zu festigen, in dem wir neue Ideen, architektonische Qualit\u00e4t, herausragendes Design, technologische Innovationen und Ingenieurstraditionen einbringen.<\/p>\n\n\n\n<p>Wir sind bestrebt, die Visionen unserer Kunden in einem \u00e4u\u00dferst kreativen Prozess zu entwickeln und zu festigen, in dem wir neue Ideen, architektonische Qualit\u00e4t, herausragendes Design, technologische Innovationen und technische Traditionen einbringen.<\/p>\n\n\n\n<figure class=\"wp-block-gallery has-nested-images columns-default is-cropped wp-block-gallery-1 is-layout-flex wp-block-gallery-is-layout-flex\">\n<figure class=\"wp-block-image size-large\"><img loading=\"lazy\" decoding=\"async\" width=\"1024\" height=\"683\" data-attachment-id=\"646\" data-permalink=\"https:\/\/www.iadc-studio.de\/de\/studio\/moods_iadc-0075-scaled\/\" data-orig-file=\"https:\/\/www.iadc-studio.de\/wp-content\/uploads\/2021\/10\/Moods_IADC-0075-scaled-1.webp\" data-orig-size=\"1024,683\" data-comments-opened=\"0\" data-image-meta=\"{&quot;aperture&quot;:&quot;0&quot;,&quot;credit&quot;:&quot;&quot;,&quot;camera&quot;:&quot;&quot;,&quot;caption&quot;:&quot;&quot;,&quot;created_timestamp&quot;:&quot;0&quot;,&quot;copyright&quot;:&quot;&quot;,&quot;focal_length&quot;:&quot;0&quot;,&quot;iso&quot;:&quot;0&quot;,&quot;shutter_speed&quot;:&quot;0&quot;,&quot;title&quot;:&quot;&quot;,&quot;orientation&quot;:&quot;0&quot;}\" data-image-title=\"Moods_IADC-0075-scaled\" data-image-description=\"\" data-image-caption=\"\" data-large-file=\"https:\/\/www.iadc-studio.de\/wp-content\/uploads\/2021\/10\/Moods_IADC-0075-scaled-1.webp\" data-id=\"646\" src=\"https:\/\/www.iadc-studio.de\/wp-content\/uploads\/2021\/10\/Moods_IADC-0075-scaled-1.webp\" alt=\"\" class=\"wp-image-646\" srcset=\"https:\/\/www.iadc-studio.de\/wp-content\/uploads\/2021\/10\/Moods_IADC-0075-scaled-1.webp 1024w, https:\/\/www.iadc-studio.de\/wp-content\/uploads\/2021\/10\/Moods_IADC-0075-scaled-1-300x200.webp 300w, https:\/\/www.iadc-studio.de\/wp-content\/uploads\/2021\/10\/Moods_IADC-0075-scaled-1-768x512.webp 768w\" sizes=\"auto, (max-width: 1024px) 100vw, 1024px\" \/><\/figure>\n<\/figure>\n\n\n\n<figure class=\"wp-block-pullquote\"><blockquote><p><strong>Planung und Design f\u00fcr Flugh\u00e4fen, Bahnh\u00f6fe und andere Mobility Hubs ist unsere Aufgabe... indem wir Kunden und Interessengruppen zuh\u00f6ren, um ihre Bed\u00fcrfnisse und W\u00fcnsche zu verstehen und sie mit einem Ziel vor Augen zu interpretieren: die Schaffung von L\u00f6sungen mit optimalem Wert! <\/strong><br><strong>Jedes Geb\u00e4ude, das wir planen oder entwerfen, soll den Nutzen f\u00fcr die Menschen optimieren, die es nutzen. Diese Leidenschaft treibt uns an.<\/strong><br><strong>Dank unserer langj\u00e4hrigen Expertise und unserer weltweiten Pr\u00e4senz profitieren Sie von einem fokussierten, wissensbasierten Ansatz, der Ihre Investitionen maximiert. <\/strong><br><strong>Bitte kontaktieren Sie uns, wenn Sie mit einem komplexen Problem in Ihrem Projekt konfrontiert sind. <br>Gemeinsam optimieren wir Ihr Projekt!<\/strong><\/p><cite>Mark Longr\u00e9e, Gesch\u00e4ftsf\u00fchrender Gesellschafter <\/cite><\/blockquote><\/figure>","protected":false},"excerpt":{"rendered":"<p>At&nbsp;IADC Studio&nbsp;we are passionate about design. Our professionals have dedicated their careers to the programming, planning and design of infrastructure all over the world. We support you with design and development of urban infrastructure. Your vision is our guideline. We are keen on developing and consolidating our client\u2019s vision in a most creative process, where [&hellip;]<\/p>","protected":false},"author":1,"featured_media":648,"parent":0,"menu_order":0,"comment_status":"closed","ping_status":"closed","template":"","meta":{"footnotes":""},"class_list":["post-99","page","type-page","status-publish","has-post-thumbnail","hentry"],"jetpack_sharing_enabled":true,"_links":{"self":[{"href":"https:\/\/www.iadc-studio.de\/de\/wp-json\/wp\/v2\/pages\/99","targetHints":{"allow":["GET"]}}],"collection":[{"href":"https:\/\/www.iadc-studio.de\/de\/wp-json\/wp\/v2\/pages"}],"about":[{"href":"https:\/\/www.iadc-studio.de\/de\/wp-json\/wp\/v2\/types\/page"}],"author":[{"embeddable":true,"href":"https:\/\/www.iadc-studio.de\/de\/wp-json\/wp\/v2\/users\/1"}],"replies":[{"embeddable":true,"href":"https:\/\/www.iadc-studio.de\/de\/wp-json\/wp\/v2\/comments?post=99"}],"version-history":[{"count":28,"href":"https:\/\/www.iadc-studio.de\/de\/wp-json\/wp\/v2\/pages\/99\/revisions"}],"predecessor-version":[{"id":1219,"href":"https:\/\/www.iadc-studio.de\/de\/wp-json\/wp\/v2\/pages\/99\/revisions\/1219"}],"wp:featuredmedia":[{"embeddable":true,"href":"https:\/\/www.iadc-studio.de\/de\/wp-json\/wp\/v2\/media\/648"}],"wp:attachment":[{"href":"https:\/\/www.iadc-studio.de\/de\/wp-json\/wp\/v2\/media?parent=99"}],"curies":[{"name":"wp","href":"https:\/\/api.w.org\/{rel}","templated":true}]}}