{"id":72,"date":"2020-07-09T13:50:21","date_gmt":"2020-07-09T13:50:21","guid":{"rendered":"http:\/\/wip.iadc-studio.de\/?page_id=72"},"modified":"2022-12-21T17:06:11","modified_gmt":"2022-12-21T17:06:11","slug":"architecture-design","status":"publish","type":"page","link":"https:\/\/www.iadc-studio.de\/de\/services\/architecture-design\/","title":{"rendered":"Architektur &amp; Design"},"content":{"rendered":"<p><br>Wir sind begeistert von St\u00e4dten und Mobilit\u00e4tsinfrastrukturen wie Flugh\u00e4fen, Bahnh\u00f6fen und anderen Mobility Hubs. R\u00e4ume, in denen Menschen zusammenkommen, um von A nach B zu reisen. \nWir schaffen Geb\u00e4ude und R\u00e4ume, die funktional, simpel, effizient und gut gestaltet sind und den Bed\u00fcrfnissen unserer Gesellschaft in dieser sich st\u00e4ndig wandelnden Welt gerecht werden.<\/p>\n\n\n\n<p>Wir sind bestrebt, die Visionen unserer Kunden in einem h\u00f6chst kreativen Prozess zu konsolidieren, indem wir neue Ideen, architektonische Qualit\u00e4t, Design-Exzellenz, technologische Innovationen und Ingenieurstraditionen einbringen k\u00f6nnen.<\/p>\n\n\n\n<p>Gemeinsam entwickeln wir intelligente Konzepte auf der Grundlage einer klaren Designvorgabe. \nWir stellen uns der st\u00e4ndigen Herausforderung, das Design so zu verbessern, dass die Auswirkungen auf die Umwelt und die bestehenden Abl\u00e4ufe w\u00e4hrend der Umsetzung so gering wie m\u00f6glich gehalten werden, wobei der Nutzer im Mittelpunkt jedes Designs steht.<\/p>\n\n\n\n<p class=\"has-medium-font-size\"><strong>Unsere Leistungen<\/strong><\/p>\n\n\n\n<ul class=\"wp-block-list\"><li>Anforderungsmanagement \/ Design Brief<\/li><li>Konzeptionelles Design<\/li><li>Schematisches Design und Design-Entwicklung<\/li><li>Machbarkeitsstudie<\/li><li>BIM, Visualisierung und VR-L\u00f6sungen<\/li><\/ul>","protected":false},"excerpt":{"rendered":"<p>We are excited about cities and mobility infrastructure such as Airports, Stations and other Mobility Hubs. Spaces where people come together. We create buildings and spaces that are functional, simple, efficient and well designed, which respond to the needs of our society within this changing world. We are keen on consolidating our client\u2019s vision in [&hellip;]<\/p>","protected":false},"author":1,"featured_media":728,"parent":641,"menu_order":0,"comment_status":"closed","ping_status":"closed","template":"","meta":{"footnotes":""},"class_list":["post-72","page","type-page","status-publish","has-post-thumbnail","hentry"],"jetpack_sharing_enabled":true,"_links":{"self":[{"href":"https:\/\/www.iadc-studio.de\/de\/wp-json\/wp\/v2\/pages\/72","targetHints":{"allow":["GET"]}}],"collection":[{"href":"https:\/\/www.iadc-studio.de\/de\/wp-json\/wp\/v2\/pages"}],"about":[{"href":"https:\/\/www.iadc-studio.de\/de\/wp-json\/wp\/v2\/types\/page"}],"author":[{"embeddable":true,"href":"https:\/\/www.iadc-studio.de\/de\/wp-json\/wp\/v2\/users\/1"}],"replies":[{"embeddable":true,"href":"https:\/\/www.iadc-studio.de\/de\/wp-json\/wp\/v2\/comments?post=72"}],"version-history":[{"count":14,"href":"https:\/\/www.iadc-studio.de\/de\/wp-json\/wp\/v2\/pages\/72\/revisions"}],"predecessor-version":[{"id":1145,"href":"https:\/\/www.iadc-studio.de\/de\/wp-json\/wp\/v2\/pages\/72\/revisions\/1145"}],"up":[{"embeddable":true,"href":"https:\/\/www.iadc-studio.de\/de\/wp-json\/wp\/v2\/pages\/641"}],"wp:featuredmedia":[{"embeddable":true,"href":"https:\/\/www.iadc-studio.de\/de\/wp-json\/wp\/v2\/media\/728"}],"wp:attachment":[{"href":"https:\/\/www.iadc-studio.de\/de\/wp-json\/wp\/v2\/media?parent=72"}],"curies":[{"name":"wp","href":"https:\/\/api.w.org\/{rel}","templated":true}]}}