{"id":55,"date":"2020-07-07T14:36:05","date_gmt":"2020-07-07T14:36:05","guid":{"rendered":"http:\/\/wip.iadc-studio.de\/?page_id=55"},"modified":"2021-10-07T15:37:25","modified_gmt":"2021-10-07T15:37:25","slug":"urban-planning-development","status":"publish","type":"page","link":"https:\/\/www.iadc-studio.de\/de\/services\/urban-planning-development\/","title":{"rendered":"Master-planung &amp; St\u00e4dtische Entwicklung"},"content":{"rendered":"<p>Der \"Masterplan\" dient als Leitfaden f\u00fcr k\u00fcnftige Entwicklungen in den n\u00e4chsten 25+ Jahren, bezieht aber bestehende Geb\u00e4ude und R\u00e4ume mit ein. \nEr ist keine Verpflichtung f\u00fcr ein bestimmtes Bauprojekt, sondern vielmehr ein Ansatz, um den geplanten, k\u00fcnftigen Anforderungen gerecht zu werden. \nDie adaptive Umsetzung des Plans soll die erforderlichen Einrichtungen zum richtigen Zeitpunkt, mit der geringsten Kapitalinvestition erm\u00f6glichen.<\/p>\n\n\n\n<p>Der Masterplan muss in regelm\u00e4\u00dfigen Abst\u00e4nden aktualisiert werden und der Bedarf an k\u00fcnftigen Verbesserungen muss sobald Bedingungen sich \u00e4ndern, neu bewertet und gegebenenfalls angepasst werden. \nEr sollte das zentrale Instrument f\u00fcr zuk\u00fcnftige Entwicklungen f\u00fcr St\u00e4dte, Firmen und alle anderen Nutzer sein.<\/p>\n\n\n\n<p>Wir sehen den Masterplanungsprozess als einen hochgradig interaktiven Gestaltungsprozess zwischen verschiedenen Interessengruppen, die die wichtigsten Ziele f\u00fcr die Entwicklung von St\u00e4dten und Infrastrukturprojekten festlegen.<\/p>\n\n\n\n<p>Wir erstellen Masterpl\u00e4ne und Stadtentwicklungspl\u00e4ne, die die Anforderungen der k\u00fcnftigen Nutzer integrieren und eine stufenweise Umsetzung definieren, die die erforderlichen Einrichtungen zum richtigen Zeitpunkt mit der geringsten Kapitalinvestition erm\u00f6glichen. \n\nWir bieten umfassende Leistungen an, einschlie\u00dflich der Integration aller Anforderungen der Interessengruppen in ein Anforderungsprogramm, der Kapazit\u00e4tsanalyse bestehender und k\u00fcnftiger Einrichtungen, sowie der Entwicklung und Bewertung mehrerer Entwicklungsszenarien beinhaltet.<\/p>\n\n\n\n<p class=\"has-medium-font-size\"><strong>Unsere Leistungen<\/strong><\/p>\n\n\n\n<ul class=\"wp-block-list\"><li>Anforderungsmanagement &amp; Koordination<\/li><li>Anforderungsmanagement \/ Design Brief<\/li><li>Entwicklungsszenarios und Beratung<\/li><li>Master-Planung &amp; St\u00e4dtische Entwicklung<\/li><li>SWOT Analyse &amp; phasenweise Integration<\/li><\/ul>","protected":false},"excerpt":{"rendered":"<p>The \u201cmaster plan\u201d serves as a guide to future developments over the next 25+ years but integrates existing buildings and spaces. It is not a commitment to any specific construction project, but rather, an approach to addressing anticipated future requirements. It\u00b4s phased implementation should provide the required facilities at the right time and at the [&hellip;]<\/p>","protected":false},"author":1,"featured_media":730,"parent":641,"menu_order":0,"comment_status":"closed","ping_status":"closed","template":"","meta":{"footnotes":""},"class_list":["post-55","page","type-page","status-publish","has-post-thumbnail","hentry"],"jetpack_sharing_enabled":true,"_links":{"self":[{"href":"https:\/\/www.iadc-studio.de\/de\/wp-json\/wp\/v2\/pages\/55","targetHints":{"allow":["GET"]}}],"collection":[{"href":"https:\/\/www.iadc-studio.de\/de\/wp-json\/wp\/v2\/pages"}],"about":[{"href":"https:\/\/www.iadc-studio.de\/de\/wp-json\/wp\/v2\/types\/page"}],"author":[{"embeddable":true,"href":"https:\/\/www.iadc-studio.de\/de\/wp-json\/wp\/v2\/users\/1"}],"replies":[{"embeddable":true,"href":"https:\/\/www.iadc-studio.de\/de\/wp-json\/wp\/v2\/comments?post=55"}],"version-history":[{"count":13,"href":"https:\/\/www.iadc-studio.de\/de\/wp-json\/wp\/v2\/pages\/55\/revisions"}],"predecessor-version":[{"id":406,"href":"https:\/\/www.iadc-studio.de\/de\/wp-json\/wp\/v2\/pages\/55\/revisions\/406"}],"up":[{"embeddable":true,"href":"https:\/\/www.iadc-studio.de\/de\/wp-json\/wp\/v2\/pages\/641"}],"wp:featuredmedia":[{"embeddable":true,"href":"https:\/\/www.iadc-studio.de\/de\/wp-json\/wp\/v2\/media\/730"}],"wp:attachment":[{"href":"https:\/\/www.iadc-studio.de\/de\/wp-json\/wp\/v2\/media?parent=55"}],"curies":[{"name":"wp","href":"https:\/\/api.w.org\/{rel}","templated":true}]}}