{"id":5,"date":"2020-07-06T14:53:31","date_gmt":"2020-07-06T14:53:31","guid":{"rendered":"http:\/\/wip.iadc-studio.de\/?page_id=5"},"modified":"2021-10-07T15:38:07","modified_gmt":"2021-10-07T15:38:07","slug":"project-programme-management","status":"publish","type":"page","link":"https:\/\/www.iadc-studio.de\/de\/services\/project-programme-management\/","title":{"rendered":"Projekt- &amp; Anforderungs-management"},"content":{"rendered":"<p>Unsere Kunden befinden sich in einem komplexen Umfeld und begegnen sich st\u00e4ndig \u00e4ndernden Anforderungen und anderen Herausforderungen wie starkem Wettbewerb. \n\nEin wirksames Projekt- und Programmmanagement ist in Zeiten, in denen Zeit und Budget \u00e4u\u00dferst kritisch sind, f\u00fcr jeden Projekterfolg unerl\u00e4sslich.<\/p>\n\n\n\n<p>Um dieses Ziel zu erreichen, kombinieren wir professionelle Projektmanagementf\u00e4higkeiten mit jahrzehntelanger Erfahrung im Umgang mit den operativen Anforderungen verschiedenster Projekte. \n\nWir f\u00fchren Projekte mit voller Transparenz f\u00fcr den Kunden durch und bringen unser in vielen Projekten erworbenes Know-how ein, um eine produktive Zusammenarbeit zu gew\u00e4hrleisten.<\/p>\n\n\n\n<p class=\"has-medium-font-size\"><strong>Unsere Leistungen<\/strong><\/p>\n\n\n\n<ul class=\"wp-block-list\"><li>Projektleitung und Kundenvertretung<\/li><li>Anforderunsmanagement und Koordination<\/li><li>Risiko Management<\/li><li>Terminplanung und Kostenmanagement<\/li><\/ul>","protected":false},"excerpt":{"rendered":"<p>Clients are operating in complex environments, facing challenges including continuously changing requirements, strong competition and competing demands. Effective project and programme management are essential for any project success in times where time and budget are highly critical. To achieve this objective, we combine professional project management skills with decades of experience dealing with the operational [&hellip;]<\/p>","protected":false},"author":1,"featured_media":731,"parent":641,"menu_order":0,"comment_status":"closed","ping_status":"closed","template":"","meta":{"footnotes":""},"class_list":["post-5","page","type-page","status-publish","has-post-thumbnail","hentry"],"jetpack_sharing_enabled":true,"_links":{"self":[{"href":"https:\/\/www.iadc-studio.de\/de\/wp-json\/wp\/v2\/pages\/5","targetHints":{"allow":["GET"]}}],"collection":[{"href":"https:\/\/www.iadc-studio.de\/de\/wp-json\/wp\/v2\/pages"}],"about":[{"href":"https:\/\/www.iadc-studio.de\/de\/wp-json\/wp\/v2\/types\/page"}],"author":[{"embeddable":true,"href":"https:\/\/www.iadc-studio.de\/de\/wp-json\/wp\/v2\/users\/1"}],"replies":[{"embeddable":true,"href":"https:\/\/www.iadc-studio.de\/de\/wp-json\/wp\/v2\/comments?post=5"}],"version-history":[{"count":10,"href":"https:\/\/www.iadc-studio.de\/de\/wp-json\/wp\/v2\/pages\/5\/revisions"}],"predecessor-version":[{"id":391,"href":"https:\/\/www.iadc-studio.de\/de\/wp-json\/wp\/v2\/pages\/5\/revisions\/391"}],"up":[{"embeddable":true,"href":"https:\/\/www.iadc-studio.de\/de\/wp-json\/wp\/v2\/pages\/641"}],"wp:featuredmedia":[{"embeddable":true,"href":"https:\/\/www.iadc-studio.de\/de\/wp-json\/wp\/v2\/media\/731"}],"wp:attachment":[{"href":"https:\/\/www.iadc-studio.de\/de\/wp-json\/wp\/v2\/media?parent=5"}],"curies":[{"name":"wp","href":"https:\/\/api.w.org\/{rel}","templated":true}]}}