{"id":437,"date":"2020-10-15T10:26:25","date_gmt":"2020-10-15T10:26:25","guid":{"rendered":"http:\/\/wip.iadc-studio.de\/?page_id=437"},"modified":"2023-11-06T14:59:49","modified_gmt":"2023-11-06T14:59:49","slug":"team","status":"publish","type":"page","link":"https:\/\/www.iadc-studio.de\/de\/studio\/team\/","title":{"rendered":"Karriere"},"content":{"rendered":"<h3 class=\"has-text-color wp-block-heading\" style=\"color:#e11c3b\"><strong>Was bieten wir?<\/strong><\/h3>\n\n\n\n<p>Unser Engagement f\u00fcr unsere Welt und die Umwelt st\u00e4rkt unsere Verantwortung f\u00fcr die Verbesserung unseres Lebensraums. \nDa das Reisen f\u00fcr die Menschheit unentbehrlich geworden ist, haben wir uns auf diese Verkehrsbranche spezialisiert. \nWir bem\u00fchen uns jeden Tag darum, die Bed\u00fcrfnisse der Menschen bei jeder Art von Reisen in dieser modernen, sich st\u00e4ndig \u00e4ndernden Welt zu erf\u00fcllen. \n\nEin weiterer Antrieb ist die Leidenschaft f\u00fcr Design, die wir alle teilen.<\/p>\n\n\n\n<p>Alles, was wir tun, ist eine Teamleistung.<br>Wir sind stolz auf unser internationales Team und bieten Chancengleichheit f\u00fcr alle.<\/p>\n\n\n\n<p>Wir sind immer auf der Suche nach kreativen K\u00f6pfen, dynamischen Mitgestaltern und \"Nerds\", die unsere Vision teilen, unsere Welt zu verbessern. \n\nWenn Sie eine Leidenschaft f\u00fcr Flugh\u00e4fen, Mobility Hubs, Reisen oder unsere bunte, internationale Welt haben, freuen wir uns \u00fcber Ihren Lebenslauf.<\/p>\n\n\n\n<p>Wir freuen uns \u00fcber jedes Talent, ganz gleich, woher Sie kommen.<\/p>\n\n\n\n<p>Bitte senden Sie Ihre Bewerbung an&nbsp;<a href=\"mailto:contact@iadc-studio.de\" data-type=\"mailto\" data-id=\"mailto:contact@iadc-studio.de\">contact@iadc-studio.de<\/a><\/p>\n\n\n\n<p class=\"has-text-color has-medium-font-size\" style=\"color:#e11c3b\">Wir suchen Dich!!!<\/p>\n\n\n\n<p>Wir suchen junge Architekt*innen zum n\u00e4chstm\u00f6glichen Zeitpunkt in unbefristeter Anstellung an unserem Standort in der Hamburger City.<\/p>\n\n\n\n<p class=\"has-text-color\" style=\"color:#e11c3b\"><strong>Ihr Aufgabenfeld:<\/strong><\/p>\n\n\n\n<p>Als Architekt (m\/w) wirst Du mit in unserem kleinen Team \u201eAviation &amp; Transportation\u201c alle Projekte in unserem Bereich Architektur bearbeiten. Schwerpunktm\u00e4\u00dfig wirst Du Flugh\u00e4fen und andere Bauten f\u00fcr den Verkehr entwerfen und planen.<\/p>\n\n\n\n<p>Deine T\u00e4tigkeiten liegen in folgenden Aufgabenfeldern:<\/p>\n\n\n\n<ul class=\"wp-block-list\">\n<li>Anspruchsvolle funktionale und gestalterische Planung von Flugh\u00e4fen<\/li>\n\n\n\n<li>Erstellung von komplexen 3D Geb\u00e4udemodellen<\/li>\n\n\n\n<li>Pr\u00e4sentationsf\u00e4hige Darstellung des Entwurfs<\/li>\n<\/ul>\n\n\n\n<p class=\"has-text-color\" style=\"color:#e11c3b\"><strong>Ihr Profil:<\/strong><\/p>\n\n\n\n<ul class=\"wp-block-list\">\n<li>Du hast ein Architekturstudium, gerne auch Bachelor, erfolgreich abgeschlossen und konntest bereits praktische Erfahrung im Berufsleben, gerne auch in Praktika, sammeln<\/li>\n\n\n\n<li>Du verf\u00fcgst \u00fcber sehr gute Deutschkenntnisse<\/li>\n\n\n\n<li>Du interessierst Dich f\u00fcr komplexe Projektaufgaben im Bereich Flugh\u00e4fen und Mobilit\u00e4t<\/li>\n\n\n\n<li>Du besitzt&nbsp;sehr gute Anwendungskenntnisse in AutoCAD, REVIT und\/oder Microstation<\/li>\n\n\n\n<li>Du bringst technisches und funktionelles Verst\u00e4ndnis und eine hohe gestalterische \u00dcberzeugungskraft mit<\/li>\n\n\n\n<li>Mobilit\u00e4t und Reisebereitschaft sind f\u00fcr Dich selbstverst\u00e4ndlich<\/li>\n<\/ul>\n\n\n\n<p class=\"has-text-color\" style=\"color:#e11c3b\"><strong>Wir bieten:<\/strong><\/p>\n\n\n\n<ul class=\"wp-block-list\">\n<li>Eine anspruchsvolle, vielf\u00e4ltige und interessante T\u00e4tigkeit in einem internationalen B\u00fcro<\/li>\n\n\n\n<li>Die M\u00f6glichkeit schnell Verantwortung zu \u00fcbernehmen und sich in einem Team fachlich und pers\u00f6nlich weiterzuentwickeln<\/li>\n\n\n\n<li>Eine offene Unternehmenskultur, die Raum f\u00fcr innovative Ideen bietet<\/li>\n\n\n\n<li>Einen Arbeitsplatz direkt in der Hamburger City mit sehr guten Verkehrsanbindungen<\/li>\n<\/ul>\n\n\n\n<p class=\"has-text-color\" style=\"color:#e11c3b\"><strong>Interessiert?<\/strong><\/p>\n\n\n\n<p>Dann freuen wir uns \u00fcber Deine Bewerbung, gerne in elektronischer Form, mit Angabe Deiner Gehaltsw\u00fcnsche und dem fr\u00fchestm\u00f6glichen Starttermin.<\/p>\n\n\n\n<p class=\"has-text-color has-medium-font-size\" style=\"color:#e11c3b\">Wir freuen uns!<\/p>","protected":false},"excerpt":{"rendered":"<p>What do we offer Our commitment to life and environment strengthens our responsibility to improve our habitat. As travelling has become essential for humanity, we have specialised ourselves in this traffic industry. We strive every day to fulfil people\u2019s needs in every kind of travelling within this modern, evolving world. Another driver is the passion [&hellip;]<\/p>","protected":false},"author":1,"featured_media":560,"parent":99,"menu_order":0,"comment_status":"closed","ping_status":"closed","template":"","meta":{"footnotes":""},"class_list":["post-437","page","type-page","status-publish","has-post-thumbnail","hentry"],"jetpack_sharing_enabled":true,"_links":{"self":[{"href":"https:\/\/www.iadc-studio.de\/de\/wp-json\/wp\/v2\/pages\/437","targetHints":{"allow":["GET"]}}],"collection":[{"href":"https:\/\/www.iadc-studio.de\/de\/wp-json\/wp\/v2\/pages"}],"about":[{"href":"https:\/\/www.iadc-studio.de\/de\/wp-json\/wp\/v2\/types\/page"}],"author":[{"embeddable":true,"href":"https:\/\/www.iadc-studio.de\/de\/wp-json\/wp\/v2\/users\/1"}],"replies":[{"embeddable":true,"href":"https:\/\/www.iadc-studio.de\/de\/wp-json\/wp\/v2\/comments?post=437"}],"version-history":[{"count":10,"href":"https:\/\/www.iadc-studio.de\/de\/wp-json\/wp\/v2\/pages\/437\/revisions"}],"predecessor-version":[{"id":1361,"href":"https:\/\/www.iadc-studio.de\/de\/wp-json\/wp\/v2\/pages\/437\/revisions\/1361"}],"up":[{"embeddable":true,"href":"https:\/\/www.iadc-studio.de\/de\/wp-json\/wp\/v2\/pages\/99"}],"wp:featuredmedia":[{"embeddable":true,"href":"https:\/\/www.iadc-studio.de\/de\/wp-json\/wp\/v2\/media\/560"}],"wp:attachment":[{"href":"https:\/\/www.iadc-studio.de\/de\/wp-json\/wp\/v2\/media?parent=437"}],"curies":[{"name":"wp","href":"https:\/\/api.w.org\/{rel}","templated":true}]}}