{"id":370,"date":"2020-10-13T10:45:19","date_gmt":"2020-10-13T10:45:19","guid":{"rendered":"http:\/\/wip.iadc-studio.de\/?page_id=370"},"modified":"2022-12-21T15:14:23","modified_gmt":"2022-12-21T15:14:23","slug":"architecture-design","status":"publish","type":"page","link":"https:\/\/www.iadc-studio.de\/de\/servicebox-homepage\/architecture-design\/","title":{"rendered":"Architektur &amp; Design"},"content":{"rendered":"<p><br>Wir sind begeistert von St\u00e4dten und Mobilit\u00e4tsinfrastrukturen wie Flugh\u00e4fen, Bahnh\u00f6fen und anderen Mobility Hubs. R\u00e4ume, in denen Menschen zusammenkommen, um von A nach B zu reisen. \nWir schaffen Geb\u00e4ude und R\u00e4ume, die funktional, simpel, effizient und gut gestaltet sind und den Bed\u00fcrfnissen unserer Gesellschaft in dieser sich st\u00e4ndig wandelnden Welt gerecht werden.<\/p>\n\n\n\n<p class=\"has-medium-font-size\"><strong>Unsere Leistungen<\/strong><\/p>\n\n\n\n<ul class=\"wp-block-list\"><li>Anforderungsmanagement \/ Design Brief<\/li><li>Konzeptionelles Design<\/li><li>Schematisches Design und Design-Entwicklung<\/li><li>Machbarkeitsstudie<\/li><li>BIM, Visualisierung und VR-L\u00f6sungen<\/li><\/ul>\n\n\n\n<div class=\"wp-block-buttons is-layout-flex wp-block-buttons-is-layout-flex\">\n<div class=\"wp-block-button\"><a class=\"wp-block-button__link has-vivid-red-background-color has-background\" href=\"http:\/\/wip.iadc-studio.de\/?page_id=72\">Mehr dazu lesen<\/a><\/div>\n<\/div>\n\n\n\n<p><\/p>","protected":false},"excerpt":{"rendered":"<p>We are excited about cities and mobility infrastructure such as Airports, Stations and other Mobility Hubs. Spaces where people come together. We create buildings and spaces that are functional, simple, efficient and well designed, which respond to the needs of our society within this changing world. Our Services: Programming \/ Design Brief Conceptual Design Schematic [&hellip;]<\/p>","protected":false},"author":1,"featured_media":728,"parent":375,"menu_order":0,"comment_status":"closed","ping_status":"closed","template":"","meta":{"footnotes":""},"class_list":["post-370","page","type-page","status-publish","has-post-thumbnail","hentry"],"jetpack_sharing_enabled":true,"_links":{"self":[{"href":"https:\/\/www.iadc-studio.de\/de\/wp-json\/wp\/v2\/pages\/370","targetHints":{"allow":["GET"]}}],"collection":[{"href":"https:\/\/www.iadc-studio.de\/de\/wp-json\/wp\/v2\/pages"}],"about":[{"href":"https:\/\/www.iadc-studio.de\/de\/wp-json\/wp\/v2\/types\/page"}],"author":[{"embeddable":true,"href":"https:\/\/www.iadc-studio.de\/de\/wp-json\/wp\/v2\/users\/1"}],"replies":[{"embeddable":true,"href":"https:\/\/www.iadc-studio.de\/de\/wp-json\/wp\/v2\/comments?post=370"}],"version-history":[{"count":21,"href":"https:\/\/www.iadc-studio.de\/de\/wp-json\/wp\/v2\/pages\/370\/revisions"}],"predecessor-version":[{"id":1123,"href":"https:\/\/www.iadc-studio.de\/de\/wp-json\/wp\/v2\/pages\/370\/revisions\/1123"}],"up":[{"embeddable":true,"href":"https:\/\/www.iadc-studio.de\/de\/wp-json\/wp\/v2\/pages\/375"}],"wp:featuredmedia":[{"embeddable":true,"href":"https:\/\/www.iadc-studio.de\/de\/wp-json\/wp\/v2\/media\/728"}],"wp:attachment":[{"href":"https:\/\/www.iadc-studio.de\/de\/wp-json\/wp\/v2\/media?parent=370"}],"curies":[{"name":"wp","href":"https:\/\/api.w.org\/{rel}","templated":true}]}}