{"id":2,"date":"2016-05-10T03:48:21","date_gmt":"2016-05-10T03:48:21","guid":{"rendered":"http:\/\/wip.iadc-studio.de\/?page_id=2"},"modified":"2021-10-07T15:36:34","modified_gmt":"2021-10-07T15:36:34","slug":"sample-page","status":"publish","type":"page","link":"https:\/\/www.iadc-studio.de\/de\/services\/sample-page\/","title":{"rendered":"Consulting &#038; Due Dilligence"},"content":{"rendered":"<p><br>Einer der wichtigsten Punkte bei den meisten Entwicklungsprojekten ist eine klare Unternehmensstrategie und ein definiertes Unternehmensziel.<\/p>\n\n\n\n<p>Unsere Experten bieten erfahrene, technische Unterst\u00fctzung bei der Entwicklung eines realistischen und angemessenen Projektauftrags, der den wichtigsten Gesch\u00e4ftsstrategien entspricht, die zur Erreichung der Unternehmensziele erforderlich sind.<\/p>\n\n\n\n<p>Wir k\u00f6nnen die wichtigsten technischen Informationen und CAPEX\/OPEX-Bewertungen f\u00fcr die Laufzeit der Konzession oder den vereinbarten Betriebszeitraum bereitstellen, damit Entwickler neuer Infrastrukturen oder Investoren bestehender Anlagen die Investition auf einer Risiko-Ertrags-Analyse genau bewerten k\u00f6nnen.<\/p>\n\n\n\n<p class=\"has-medium-font-size\"><strong>Unsere Leistungen<\/strong><\/p>\n\n\n\n<ul class=\"wp-block-list\"><li>Technische Machbarkeitsstudie<\/li><li>Datenerfassung- und Analyse<\/li><li>Bewertung der bestehenden Master-Planung<\/li><li>\u00dcberpr\u00fcfung der j\u00fcngsten CAPEX und k\u00fcnftiger Anforderungen im Gesch\u00e4ftsplan<\/li><li>Passagierstrom-Simulation<\/li><\/ul>","protected":false},"excerpt":{"rendered":"<p>One of the key issues behind most development projects is a clear business strategy and a defined business objective. Our Experts can provide experienced technical support to develop a realistic and appropriate project brief, meeting the key business strategies needed to deliver the business objectives. We can provide the key technical information and CAPEX\/OPEX assessments [&hellip;]<\/p>","protected":false},"author":1,"featured_media":729,"parent":641,"menu_order":0,"comment_status":"closed","ping_status":"open","template":"","meta":{"footnotes":""},"class_list":["post-2","page","type-page","status-publish","has-post-thumbnail","hentry"],"jetpack_sharing_enabled":true,"_links":{"self":[{"href":"https:\/\/www.iadc-studio.de\/de\/wp-json\/wp\/v2\/pages\/2","targetHints":{"allow":["GET"]}}],"collection":[{"href":"https:\/\/www.iadc-studio.de\/de\/wp-json\/wp\/v2\/pages"}],"about":[{"href":"https:\/\/www.iadc-studio.de\/de\/wp-json\/wp\/v2\/types\/page"}],"author":[{"embeddable":true,"href":"https:\/\/www.iadc-studio.de\/de\/wp-json\/wp\/v2\/users\/1"}],"replies":[{"embeddable":true,"href":"https:\/\/www.iadc-studio.de\/de\/wp-json\/wp\/v2\/comments?post=2"}],"version-history":[{"count":16,"href":"https:\/\/www.iadc-studio.de\/de\/wp-json\/wp\/v2\/pages\/2\/revisions"}],"predecessor-version":[{"id":389,"href":"https:\/\/www.iadc-studio.de\/de\/wp-json\/wp\/v2\/pages\/2\/revisions\/389"}],"up":[{"embeddable":true,"href":"https:\/\/www.iadc-studio.de\/de\/wp-json\/wp\/v2\/pages\/641"}],"wp:featuredmedia":[{"embeddable":true,"href":"https:\/\/www.iadc-studio.de\/de\/wp-json\/wp\/v2\/media\/729"}],"wp:attachment":[{"href":"https:\/\/www.iadc-studio.de\/de\/wp-json\/wp\/v2\/media?parent=2"}],"curies":[{"name":"wp","href":"https:\/\/api.w.org\/{rel}","templated":true}]}}