{"id":16,"date":"2020-07-07T08:50:35","date_gmt":"2020-07-07T08:50:35","guid":{"rendered":"http:\/\/wip.iadc-studio.de\/?page_id=16"},"modified":"2021-10-07T14:38:19","modified_gmt":"2021-10-07T14:38:19","slug":"welcome-page","status":"publish","type":"page","link":"https:\/\/www.iadc-studio.de\/de\/","title":{"rendered":"Willkommen im IADC Studio"},"content":{"rendered":"<h3 class=\"has-text-align-center wp-block-heading\">WIR LIEBEN DESIGN.<\/h3>\n\n\n\n<p><strong>IADC Studio<\/strong> ist ein multidisziplin\u00e4res B\u00fcro, das in den Bereichen Architektur, Verkehrsinfrastruktur, Stadtentwicklung und Design t\u00e4tig ist. <\/p>\n\n\n\n<p><\/p>","protected":false},"excerpt":{"rendered":"<p>WE LOVE TO DESIGN. IADC Studio is a multi-disciplinary practice working in architecture, transport infrastructure and urban development.<\/p>","protected":false},"author":1,"featured_media":0,"parent":0,"menu_order":0,"comment_status":"closed","ping_status":"closed","template":"","meta":{"footnotes":""},"class_list":["post-16","page","type-page","status-publish","hentry"],"jetpack_sharing_enabled":true,"_links":{"self":[{"href":"https:\/\/www.iadc-studio.de\/de\/wp-json\/wp\/v2\/pages\/16","targetHints":{"allow":["GET"]}}],"collection":[{"href":"https:\/\/www.iadc-studio.de\/de\/wp-json\/wp\/v2\/pages"}],"about":[{"href":"https:\/\/www.iadc-studio.de\/de\/wp-json\/wp\/v2\/types\/page"}],"author":[{"embeddable":true,"href":"https:\/\/www.iadc-studio.de\/de\/wp-json\/wp\/v2\/users\/1"}],"replies":[{"embeddable":true,"href":"https:\/\/www.iadc-studio.de\/de\/wp-json\/wp\/v2\/comments?post=16"}],"version-history":[{"count":6,"href":"https:\/\/www.iadc-studio.de\/de\/wp-json\/wp\/v2\/pages\/16\/revisions"}],"predecessor-version":[{"id":719,"href":"https:\/\/www.iadc-studio.de\/de\/wp-json\/wp\/v2\/pages\/16\/revisions\/719"}],"wp:attachment":[{"href":"https:\/\/www.iadc-studio.de\/de\/wp-json\/wp\/v2\/media?parent=16"}],"curies":[{"name":"wp","href":"https:\/\/api.w.org\/{rel}","templated":true}]}}